{"id":5933,"date":"2023-09-16T17:51:48","date_gmt":"2023-09-16T15:51:48","guid":{"rendered":"http:\/\/www2.thumburg.it\/impressum-privacy\/"},"modified":"2025-04-07T09:11:14","modified_gmt":"2025-04-07T07:11:14","slug":"impressum-privacy","status":"publish","type":"page","link":"https:\/\/www.thumburg.it\/it\/impressum-privacy\/","title":{"rendered":"Impressum- Privacy"},"content":{"rendered":"\r\n<p><strong>Proprietario:<br \/><\/strong><br \/>Planatscher Philipp<br \/>Thumburg 16a<br \/>39040 Campo di Trens\/Vipiteno<\/p>\r\n<p>Partita IVA.: 03142650211<br \/>CIN: IT021016B5D2J3MNMN \u00a0<br \/><br \/>Tel.: +39 0472 766 667<br \/>E-Mail:<a href=\"mailto:info@thumburg.it\"> info@thumburg.it<\/a><br \/>Internet: www.thumburg.it<\/p>\r\n<p><b>Crediti d&#8217;immagine:<\/b>\u00a0 Philipp Planatscher, Tourismusgenossenschaft <span class=\"il\">Sterzing<\/span> Pfitsch Freienfeld, Pixabay<br \/><br \/><br \/>Design: <a href=\"https:\/\/www.websache.it\/\" target=\"_blank\" rel=\"noopener\">websache.it \u2013 Webseiten mit Biss<\/a>!<br \/><br \/><\/p>\r\n\r\n\r\n\r\n<p><strong>Erf\u00fcllung der gesetzlichen Informationspflichten gem\u00e4\u00df der europ\u00e4ischen Datenschutzgrundverordnung (DSGVO)<br \/><\/strong>Regolamento Generale sulla Protezione dei Dati (RGPD)<br \/>Il presente regolamento \u00e8 valido per tutti i nostri ospiti. Con la presente Le diamo conto della natura, della portata e dello scopo della raccolta e dell\u2019uso dei Suoi dati personali. Responsabile del trattamento dei dati \u00e8: Thumburg di Planatscher Philipp, contattabile ai seguenti recapiti: Tel. +39 333 8946392 + E-Mail:<a href=\"mailto:info@thumburg.it\"> info@thumburg.it<\/a><\/p>\r\n<p>Ai sensi dell\u2019articolo 13 del Regolamento Generale sulla Protezione dei Dati, tratteremo le seguenti informazioni:<\/p>\r\n<p>Dati anagrafici (nome, cognome, indirizzo, telefono, e-mail, data di nascita, luogo di nascita, lingua ecc.)<br \/>Dati presenti nei documenti di viaggio e d\u2019identit\u00e0<br \/>Dati relativi a pagamenti, carte di debito, carte di credito e carte bancarie<br \/>La durata del soggiorno e le preferenze personali associate al soggiorno richiesto<br \/>I dati saranno archiviati, elaborati e, ove richiesto dalla legge, trasmessi a terzi (quali autorit\u00e0 pubbliche, associazioni turistiche) nell\u2019ottica della fornitura dei nostri servizi. I Suoi dati non saranno trasmessi a paesi terzi.<\/p>\r\n<p>In caso di Suo rifiuto a conferirci i Suoi dati anagrafici, dei documenti di viaggio e relativi alle coordinate bancarie non saremo in grado di adempiere agli obblighi contrattuali e di accoglierLa presso la nostra struttura. I Suoi dati non verranno impiegati in processi decisionali automatizzati, compresa la profilazione.<\/p>\r\n<p>Le basi legali per questi processi di elaborazione dei dati sono:<\/p>\r\n<p>l\u2019adempimento dei nostri obblighi precontrattuali e contrattuali nei Suoi confronti<br \/>il consenso da Lei ottenuto<br \/>gli obblighi legali, contrattuali o altri obblighi legali a cui siamo tenuti (come ad esempio gli obblighi in materia di contabilit\u00e0, diritto fiscale e doganale, derivanti da contratti, informativa o contenziosi)<br \/>i nostri interessi legittimi (come ad esempio migliorare il nostro servizio ai clienti, l\u2019attivit\u00e0 di pubblicit\u00e0 diretta o l\u2019esercizio dei nostri interessi legali).<br \/>La durata della conservazione dipende dalla durata del rapporto commerciale, dal consenso da parte Sua, dagli obblighi legali di conservazione e dagli obblighi legali a cui siamo sottoposti.<\/p>\r\n<p>Pu\u00f2 richiedere informazioni sui Suoi dati personali da noi custoditi gratuitamente in qualsiasi momento. Come interessato ha anche il diritto di revoca, consultazione, modificazione, cancellazione e distruzione dei dati, nella misura in cui non ci sia alcun obbligo legale di conservazione da parte nostra. Esercitando il Suo diritto di revoca, tutti i Suoi dati saranno irrimediabilmente cancellati, a meno che non vengano violate disposizioni normative di rango superiore.<\/p>\r\n<p>Per ulteriori informazioni sui Suoi diritti La preghiamo di contattarci a info@thumburg.it, saremo felici di aiutarLa. Per eventuali reclami, il Garante per la protezione dei dati personali \u00e8: Garante per la protezione dei dati personali<\/p>\r\n<p>Piazza di Monte Citorio, 115\/121, 00186 Roma Fax: (+39) 06.69677.3785, Telefono: (+39) 06.696771, E-mail: garante@gpdp.it.<\/p>\r\n","protected":false},"excerpt":{"rendered":"<p>Proprietario:Planatscher PhilippThumburg 16a39040 Campo di Trens\/Vipiteno Partita IVA.: 03142650211CIN: IT021016B5D2J3MNMN \u00a0 Tel.: +39 0472 766 667E-Mail: info@thumburg.itInternet: www.thumburg.it Crediti d&#8217;immagine:\u00a0 Philipp Planatscher, Tourismusgenossenschaft Sterzing Pfitsch Freienfeld, Pixabay Design: websache.it \u2013 Webseiten mit Biss! Erf\u00fcllung der gesetzlichen Informationspflichten gem\u00e4\u00df der europ\u00e4ischen [&hellip;]<\/p>\n","protected":false},"author":1,"featured_media":0,"parent":0,"menu_order":0,"comment_status":"closed","ping_status":"open","template":"","meta":{"footnotes":""},"class_list":["post-5933","page","type-page","status-publish","hentry"],"yoast_head":"<!-- This site is optimized with the Yoast SEO plugin v27.6 - https:\/\/yoast.com\/product\/yoast-seo-wordpress\/ -->\n<title>Impressum- Privacy - Ferienwohnungen Reiterhof Thumburg<\/title>\n<meta name=\"robots\" content=\"index, follow, max-snippet:-1, max-image-preview:large, max-video-preview:-1\" \/>\n<link rel=\"canonical\" href=\"https:\/\/www.thumburg.it\/it\/impressum-privacy\/\" \/>\n<meta property=\"og:locale\" content=\"it_IT\" \/>\n<meta property=\"og:type\" content=\"article\" \/>\n<meta property=\"og:title\" content=\"Impressum- Privacy - Ferienwohnungen Reiterhof Thumburg\" \/>\n<meta property=\"og:description\" content=\"Proprietario:Planatscher PhilippThumburg 16a39040 Campo di Trens\/Vipiteno Partita IVA.: 03142650211CIN: IT021016B5D2J3MNMN \u00a0 Tel.: +39 0472 766 667E-Mail: info@thumburg.itInternet: www.thumburg.it Crediti d&#8217;immagine:\u00a0 Philipp Planatscher, Tourismusgenossenschaft Sterzing Pfitsch Freienfeld, Pixabay Design: websache.it \u2013 Webseiten mit Biss! Erf\u00fcllung der gesetzlichen Informationspflichten gem\u00e4\u00df der europ\u00e4ischen [&hellip;]\" \/>\n<meta property=\"og:url\" content=\"https:\/\/www.thumburg.it\/it\/impressum-privacy\/\" \/>\n<meta property=\"og:site_name\" content=\"Ferienwohnungen Reiterhof Thumburg\" \/>\n<meta property=\"article:publisher\" content=\"https:\/\/www.facebook.com\/reiterferienhof\" \/>\n<meta property=\"article:modified_time\" content=\"2025-04-07T07:11:14+00:00\" \/>\n<meta name=\"twitter:card\" content=\"summary_large_image\" \/>\n<meta name=\"twitter:label1\" content=\"Tempo di lettura stimato\" \/>\n\t<meta name=\"twitter:data1\" content=\"3 minuti\" \/>\n<script type=\"application\/ld+json\" class=\"yoast-schema-graph\">{\"@context\":\"https:\\\/\\\/schema.org\",\"@graph\":[{\"@type\":\"WebPage\",\"@id\":\"https:\\\/\\\/www.thumburg.it\\\/it\\\/impressum-privacy\\\/\",\"url\":\"https:\\\/\\\/www.thumburg.it\\\/it\\\/impressum-privacy\\\/\",\"name\":\"Impressum- Privacy - Ferienwohnungen Reiterhof Thumburg\",\"isPartOf\":{\"@id\":\"thumburg.it\\\/#website\"},\"datePublished\":\"2023-09-16T15:51:48+00:00\",\"dateModified\":\"2025-04-07T07:11:14+00:00\",\"breadcrumb\":{\"@id\":\"https:\\\/\\\/www.thumburg.it\\\/it\\\/impressum-privacy\\\/#breadcrumb\"},\"inLanguage\":\"it-IT\",\"potentialAction\":[{\"@type\":\"ReadAction\",\"target\":[\"https:\\\/\\\/www.thumburg.it\\\/it\\\/impressum-privacy\\\/\"]}]},{\"@type\":\"BreadcrumbList\",\"@id\":\"https:\\\/\\\/www.thumburg.it\\\/it\\\/impressum-privacy\\\/#breadcrumb\",\"itemListElement\":[{\"@type\":\"ListItem\",\"position\":1,\"name\":\"Startseite\",\"item\":\"https:\\\/\\\/www.thumburg.it\\\/\"},{\"@type\":\"ListItem\",\"position\":2,\"name\":\"Impressum- Privacy\"}]},{\"@type\":\"WebSite\",\"@id\":\"thumburg.it\\\/#website\",\"url\":\"thumburg.it\\\/\",\"name\":\"Ferienwohnungen Reiterhof Thumburg\",\"description\":\"Urlaub auf dem Bauernhof in Sterzing im Wipptal Eisacktal\",\"publisher\":{\"@id\":\"thumburg.it\\\/#organization\"},\"potentialAction\":[{\"@type\":\"SearchAction\",\"target\":{\"@type\":\"EntryPoint\",\"urlTemplate\":\"thumburg.it\\\/?s={search_term_string}\"},\"query-input\":{\"@type\":\"PropertyValueSpecification\",\"valueRequired\":true,\"valueName\":\"search_term_string\"}}],\"inLanguage\":\"it-IT\"},{\"@type\":\"Organization\",\"@id\":\"thumburg.it\\\/#organization\",\"name\":\"Ferienwohnungen Reiterhof Thumburg\",\"url\":\"thumburg.it\\\/\",\"logo\":{\"@type\":\"ImageObject\",\"inLanguage\":\"it-IT\",\"@id\":\"thumburg.it\\\/#\\\/schema\\\/logo\\\/image\\\/\",\"url\":\"https:\\\/\\\/www.thumburg.it\\\/wp-content\\\/uploads\\\/2023\\\/11\\\/favicon.png\",\"contentUrl\":\"https:\\\/\\\/www.thumburg.it\\\/wp-content\\\/uploads\\\/2023\\\/11\\\/favicon.png\",\"width\":300,\"height\":300,\"caption\":\"Ferienwohnungen Reiterhof Thumburg\"},\"image\":{\"@id\":\"thumburg.it\\\/#\\\/schema\\\/logo\\\/image\\\/\"},\"sameAs\":[\"https:\\\/\\\/www.facebook.com\\\/reiterferienhof\"]}]}<\/script>\n<!-- \/ Yoast SEO plugin. -->","yoast_head_json":{"title":"Impressum- Privacy - Ferienwohnungen Reiterhof Thumburg","robots":{"index":"index","follow":"follow","max-snippet":"max-snippet:-1","max-image-preview":"max-image-preview:large","max-video-preview":"max-video-preview:-1"},"canonical":"https:\/\/www.thumburg.it\/it\/impressum-privacy\/","og_locale":"it_IT","og_type":"article","og_title":"Impressum- Privacy - Ferienwohnungen Reiterhof Thumburg","og_description":"Proprietario:Planatscher PhilippThumburg 16a39040 Campo di Trens\/Vipiteno Partita IVA.: 03142650211CIN: IT021016B5D2J3MNMN \u00a0 Tel.: +39 0472 766 667E-Mail: info@thumburg.itInternet: www.thumburg.it Crediti d&#8217;immagine:\u00a0 Philipp Planatscher, Tourismusgenossenschaft Sterzing Pfitsch Freienfeld, Pixabay Design: websache.it \u2013 Webseiten mit Biss! Erf\u00fcllung der gesetzlichen Informationspflichten gem\u00e4\u00df der europ\u00e4ischen [&hellip;]","og_url":"https:\/\/www.thumburg.it\/it\/impressum-privacy\/","og_site_name":"Ferienwohnungen Reiterhof Thumburg","article_publisher":"https:\/\/www.facebook.com\/reiterferienhof","article_modified_time":"2025-04-07T07:11:14+00:00","twitter_card":"summary_large_image","twitter_misc":{"Tempo di lettura stimato":"3 minuti"},"schema":{"@context":"https:\/\/schema.org","@graph":[{"@type":"WebPage","@id":"https:\/\/www.thumburg.it\/it\/impressum-privacy\/","url":"https:\/\/www.thumburg.it\/it\/impressum-privacy\/","name":"Impressum- Privacy - Ferienwohnungen Reiterhof Thumburg","isPartOf":{"@id":"thumburg.it\/#website"},"datePublished":"2023-09-16T15:51:48+00:00","dateModified":"2025-04-07T07:11:14+00:00","breadcrumb":{"@id":"https:\/\/www.thumburg.it\/it\/impressum-privacy\/#breadcrumb"},"inLanguage":"it-IT","potentialAction":[{"@type":"ReadAction","target":["https:\/\/www.thumburg.it\/it\/impressum-privacy\/"]}]},{"@type":"BreadcrumbList","@id":"https:\/\/www.thumburg.it\/it\/impressum-privacy\/#breadcrumb","itemListElement":[{"@type":"ListItem","position":1,"name":"Startseite","item":"https:\/\/www.thumburg.it\/"},{"@type":"ListItem","position":2,"name":"Impressum- Privacy"}]},{"@type":"WebSite","@id":"thumburg.it\/#website","url":"thumburg.it\/","name":"Ferienwohnungen Reiterhof Thumburg","description":"Urlaub auf dem Bauernhof in Sterzing im Wipptal Eisacktal","publisher":{"@id":"thumburg.it\/#organization"},"potentialAction":[{"@type":"SearchAction","target":{"@type":"EntryPoint","urlTemplate":"thumburg.it\/?s={search_term_string}"},"query-input":{"@type":"PropertyValueSpecification","valueRequired":true,"valueName":"search_term_string"}}],"inLanguage":"it-IT"},{"@type":"Organization","@id":"thumburg.it\/#organization","name":"Ferienwohnungen Reiterhof Thumburg","url":"thumburg.it\/","logo":{"@type":"ImageObject","inLanguage":"it-IT","@id":"thumburg.it\/#\/schema\/logo\/image\/","url":"https:\/\/www.thumburg.it\/wp-content\/uploads\/2023\/11\/favicon.png","contentUrl":"https:\/\/www.thumburg.it\/wp-content\/uploads\/2023\/11\/favicon.png","width":300,"height":300,"caption":"Ferienwohnungen Reiterhof Thumburg"},"image":{"@id":"thumburg.it\/#\/schema\/logo\/image\/"},"sameAs":["https:\/\/www.facebook.com\/reiterferienhof"]}]}},"_links":{"self":[{"href":"https:\/\/www.thumburg.it\/it\/wp-json\/wp\/v2\/pages\/5933","targetHints":{"allow":["GET"]}}],"collection":[{"href":"https:\/\/www.thumburg.it\/it\/wp-json\/wp\/v2\/pages"}],"about":[{"href":"https:\/\/www.thumburg.it\/it\/wp-json\/wp\/v2\/types\/page"}],"author":[{"embeddable":true,"href":"https:\/\/www.thumburg.it\/it\/wp-json\/wp\/v2\/users\/1"}],"replies":[{"embeddable":true,"href":"https:\/\/www.thumburg.it\/it\/wp-json\/wp\/v2\/comments?post=5933"}],"version-history":[{"count":1,"href":"https:\/\/www.thumburg.it\/it\/wp-json\/wp\/v2\/pages\/5933\/revisions"}],"predecessor-version":[{"id":6487,"href":"https:\/\/www.thumburg.it\/it\/wp-json\/wp\/v2\/pages\/5933\/revisions\/6487"}],"wp:attachment":[{"href":"https:\/\/www.thumburg.it\/it\/wp-json\/wp\/v2\/media?parent=5933"}],"curies":[{"name":"wp","href":"https:\/\/api.w.org\/{rel}","templated":true}]}}